{"id":18266,"date":"2023-11-02T14:35:37","date_gmt":"2023-11-02T14:35:37","guid":{"rendered":"https:\/\/esneyhealthtravel.com\/?page_id=18266"},"modified":"2023-11-02T14:40:28","modified_gmt":"2023-11-02T14:40:28","slug":"bauchdeckenstraffung-2","status":"publish","type":"page","link":"https:\/\/esneyhealthtravel.com\/tr\/bauchdeckenstraffung-2\/","title":{"rendered":"Kar\u0131n Germe"},"content":{"rendered":"<div data-elementor-type=\"wp-page\" data-elementor-id=\"18266\" class=\"elementor elementor-18266\" data-elementor-post-type=\"page\">\n\t\t\t\t\t\t\t<div class=\"elementor-element elementor-element-a169566 e-flex e-con-boxed e-con e-parent\" data-id=\"a169566\" data-element_type=\"container\" data-settings=\"{&quot;content_width&quot;:&quot;boxed&quot;}\" data-core-v316-plus=\"true\">\n\t\t\t\t\t<div class=\"e-con-inner\">\n\t\t<div class=\"elementor-element elementor-element-637049f e-con-full e-flex e-con e-child\" data-id=\"637049f\" data-element_type=\"container\" data-settings=\"{&quot;content_width&quot;:&quot;full&quot;}\">\n\t\t\t\t<div class=\"elementor-element elementor-element-6d90df5 elementor-widget elementor-widget-heading\" data-id=\"6d90df5\" data-element_type=\"widget\" data-widget_type=\"heading.default\">\n\t\t\t\t<div class=\"elementor-widget-container\">\n\t\t\t<style>\/*! elementor - v3.17.0 - 25-10-2023 *\/\n.elementor-heading-title{padding:0;margin:0;line-height:1}.elementor-widget-heading .elementor-heading-title[class*=elementor-size-]>a{color:inherit;font-size:inherit;line-height:inherit}.elementor-widget-heading .elementor-heading-title.elementor-size-small{font-size:15px}.elementor-widget-heading .elementor-heading-title.elementor-size-medium{font-size:19px}.elementor-widget-heading .elementor-heading-title.elementor-size-large{font-size:29px}.elementor-widget-heading .elementor-heading-title.elementor-size-xl{font-size:39px}.elementor-widget-heading .elementor-heading-title.elementor-size-xxl{font-size:59px}<\/style><h2 class=\"elementor-heading-title elementor-size-default\">Kar\u0131n Germe\n<\/h2>\t\t<\/div>\n\t\t\t\t<\/div>\n\t\t\t\t<div class=\"elementor-element elementor-element-d03411b elementor-widget elementor-widget-image\" data-id=\"d03411b\" data-element_type=\"widget\" data-widget_type=\"image.default\">\n\t\t\t\t<div class=\"elementor-widget-container\">\n\t\t\t<style>\/*! elementor - v3.17.0 - 25-10-2023 *\/\n.elementor-widget-image{text-align:center}.elementor-widget-image a{display:inline-block}.elementor-widget-image a img[src$=\".svg\"]{width:48px}.elementor-widget-image img{vertical-align:middle;display:inline-block}<\/style>\t\t\t\t\t\t\t\t\t\t\t\t<img decoding=\"async\" width=\"6096\" height=\"4064\" src=\"https:\/\/esneyhealthtravel.com\/wp-content\/uploads\/2023\/11\/doctor-drawing-dashed-line-marks-female-body-before-plastic-surgery-operation.jpg\" class=\"attachment-full size-full wp-image-18268\" alt=\"\" \/>\t\t\t\t\t\t\t\t\t\t\t\t\t\t\t<\/div>\n\t\t\t\t<\/div>\n\t\t\t\t<div class=\"elementor-element elementor-element-ec9db2a elementor-widget elementor-widget-heading\" data-id=\"ec9db2a\" data-element_type=\"widget\" data-widget_type=\"heading.default\">\n\t\t\t\t<div class=\"elementor-widget-container\">\n\t\t\t<h4 class=\"elementor-heading-title elementor-size-default\">De\u011fi\u015fim Burada Ba\u015fl\u0131yor Hayalinizdeki G\u00f6r\u00fcn\u00fcme Kavu\u015fun<\/h4>\t\t<\/div>\n\t\t\t\t<\/div>\n\t\t\t\t<div class=\"elementor-element elementor-element-c5dd75f elementor-widget elementor-widget-text-editor\" data-id=\"c5dd75f\" data-element_type=\"widget\" data-widget_type=\"text-editor.default\">\n\t\t\t\t<div class=\"elementor-widget-container\">\n\t\t\t<style>\/*! elementor - v3.17.0 - 25-10-2023 *\/\n.elementor-widget-text-editor.elementor-drop-cap-view-stacked .elementor-drop-cap{background-color:#69727d;color:#fff}.elementor-widget-text-editor.elementor-drop-cap-view-framed .elementor-drop-cap{color:#69727d;border:3px solid;background-color:transparent}.elementor-widget-text-editor:not(.elementor-drop-cap-view-default) .elementor-drop-cap{margin-top:8px}.elementor-widget-text-editor:not(.elementor-drop-cap-view-default) .elementor-drop-cap-letter{width:1em;height:1em}.elementor-widget-text-editor .elementor-drop-cap{float:left;text-align:center;line-height:1;font-size:50px}.elementor-widget-text-editor .elementor-drop-cap-letter{display:inline-block}<\/style>\t\t\t\t<section class=\"elementor-section elementor-top-section elementor-element elementor-element-491a32da elementor-section-boxed elementor-section-height-default elementor-section-height-default\" data-id=\"491a32da\" data-element_type=\"section\"><div class=\"elementor-container elementor-column-gap-default\"><div class=\"elementor-column elementor-col-100 elementor-top-column elementor-element elementor-element-277dd4f6\" data-id=\"277dd4f6\" data-element_type=\"column\"><div class=\"elementor-widget-wrap elementor-element-populated\"><div class=\"elementor-element elementor-element-30f8d9c0 elementor-widget elementor-widget-text-editor\" data-id=\"30f8d9c0\" data-element_type=\"widget\" data-widget_type=\"text-editor.default\"><div class=\"elementor-widget-container\"><p>Hamilelikten sonra veya \u00f6nemli kilo al\u0131m\u0131n\u0131n bir sonucu olarak d\u00fczensizlikler, kar\u0131n b\u00f6lgesinde fazla cilt ve \u00e7atlak izleri olu\u015fabilir. Bu sadece g\u00f6r\u00fcn\u00fcmdeki de\u011fi\u015fikliklerden dolay\u0131 \u00f6zg\u00fcvenini etkilemekle kalmaz, ayn\u0131 zamanda g\u00fcnl\u00fck k\u0131yafetleri karma\u015f\u0131k hale getirmek, Ter tutmas\u0131 nedeniyle cilt tahri\u015fine neden olmak ve k\u0131zar\u0131kl\u0131k neden olmak.<\/p><p>Abdominoplasti, kar\u0131n germe i\u00e7in kullan\u0131lan t\u0131bbi terimdir. Kar\u0131n b\u00f6lgesindeki bu fazlal\u0131k, sarkan cilt ve \u00e7atlaklar giderilir. Ayn\u0131 zamanda kar\u0131n kaslar\u0131n\u0131n sarkmas\u0131n\u0131 d\u00fczeltmek (Rektusmuskeln). Bu, g\u00f6bek \u00e7evresindeki fazla cildin ve altta yatan \u00e7atlaklar\u0131n giderilmesine yol a\u00e7ar. Bu prosed\u00fcrde, sadece kar\u0131n derisini de\u011fil, ayn\u0131 zamanda \u00f6n kar\u0131n duvar\u0131n\u0131 da d\u00fczene sokar, bu da daha ince bir bele ve daha iyi bir bele yol a\u00e7ar. Yeni, gen\u00e7 bir g\u00f6bek deli\u011fi olu\u015fur.<\/p><p>Genellikle \u015fiddetli a\u011fr\u0131 normal bir kar\u0131n germe i\u015flemini kapsamaz ve hastalar\u0131m\u0131z normalde basit a\u011fr\u0131larla ba\u015fa \u00e7\u0131kabilir. Ameliyattan sonra hastalar genellikle hastanede bir veya iki gece kald\u0131ktan sonra taburcu edilebilirler.<\/p><p>Kar\u0131n germe ba\u011flam\u0131nda yap\u0131lan kesiler, kural olarak \u00e7ok az g\u00f6r\u00fcn\u00fcr, ince izlere yol a\u00e7abilir. Planlamada g\u00fcnl\u00fck i\u00e7 \u00e7ama\u015f\u0131r\u0131 ile kaplanabilecek alanlara kesi izlerinin yerle\u015ftirilmesini sa\u011flamak i\u00e7in m\u00fcdahale yap\u0131l\u0131r.<\/p><\/div><\/div><\/div><\/div><\/div><\/section>\t\t\t\t\t\t<\/div>\n\t\t\t\t<\/div>\n\t\t<div class=\"elementor-element elementor-element-c220ff8 e-con-full e-flex e-con e-child\" data-id=\"c220ff8\" data-element_type=\"container\" data-settings=\"{&quot;content_width&quot;:&quot;full&quot;}\">\n\t\t<div class=\"elementor-element elementor-element-89cb73e e-con-full e-flex e-con e-child\" data-id=\"89cb73e\" data-element_type=\"container\" data-settings=\"{&quot;content_width&quot;:&quot;full&quot;}\">\n\t\t<div class=\"elementor-element elementor-element-0420c0d e-con-full e-flex e-con e-child\" data-id=\"0420c0d\" data-element_type=\"container\" data-settings=\"{&quot;content_width&quot;:&quot;full&quot;}\">\n\t\t\t\t<div class=\"elementor-element elementor-element-41d97c6 elementor-widget elementor-widget-heading\" data-id=\"41d97c6\" data-element_type=\"widget\" data-widget_type=\"heading.default\">\n\t\t\t\t<div class=\"elementor-widget-container\">\n\t\t\t<h2 class=\"elementor-heading-title elementor-size-default\">Uzmanlar\u0131m\u0131zla konu\u015fuyorsunuz<\/h2>\t\t<\/div>\n\t\t\t\t<\/div>\n\t\t<div class=\"elementor-element elementor-element-3500c4d e-con-full e-flex e-con e-child\" data-id=\"3500c4d\" data-element_type=\"container\" data-settings=\"{&quot;content_width&quot;:&quot;full&quot;}\">\n\t\t<div class=\"elementor-element elementor-element-2e99544 e-flex e-con-boxed e-con e-child\" data-id=\"2e99544\" data-element_type=\"container\" data-settings=\"{&quot;content_width&quot;:&quot;boxed&quot;}\">\n\t\t\t\t\t<div class=\"e-con-inner\">\n\t\t\t\t<div class=\"elementor-element elementor-element-7a1eb69 elementor-widget elementor-widget-heading\" data-id=\"7a1eb69\" data-element_type=\"widget\" data-widget_type=\"heading.default\">\n\t\t\t\t<div class=\"elementor-widget-container\">\n\t\t\t<h2 class=\"elementor-heading-title elementor-size-default\">Mini Abdominoplasti<\/h2>\t\t<\/div>\n\t\t\t\t<\/div>\n\t\t\t\t<div class=\"elementor-element elementor-element-ce0755f elementor-widget elementor-widget-text-editor\" data-id=\"ce0755f\" data-element_type=\"widget\" data-widget_type=\"text-editor.default\">\n\t\t\t\t<div class=\"elementor-widget-container\">\n\t\t\t\t\t\t\t<p>Mini abdominoplasti, g\u00f6bek deli\u011finin alt\u0131nda ya\u011f birikintileri ve fazla derisi olan hastalarda kullan\u0131lan bir y\u00f6ntemdir. Bu operasyonda, g\u00f6be\u011fin pozisyonunun de\u011fi\u015fmeden kald\u0131\u011f\u0131 g\u00f6be\u011fin alt\u0131ndaki kar\u0131n s\u0131k\u0131lmas\u0131. Her ne kadar Mini kar\u0131n plastik tavan\u0131 s\u00f6z konusu olsa da, i\u00e7 kar\u0131n kaslar\u0131n\u0131n ve kas zarlar\u0131n\u0131n s\u0131k\u0131lmas\u0131, bunun yap\u0131ld\u0131\u011f\u0131 alan, geleneksel abdominoplastiye k\u0131yasla s\u0131n\u0131rl\u0131d\u0131r.<\/p>\t\t\t\t\t\t<\/div>\n\t\t\t\t<\/div>\n\t\t\t\t\t<\/div>\n\t\t\t\t<\/div>\n\t\t\t\t<\/div>\n\t\t\t\t<\/div>\n\t\t\t\t<\/div>\n\t\t\t\t<\/div>\n\t\t<div class=\"elementor-element elementor-element-163f30f e-con-full e-flex e-con e-child\" data-id=\"163f30f\" data-element_type=\"container\" data-settings=\"{&quot;content_width&quot;:&quot;full&quot;}\">\n\t\t<div class=\"elementor-element elementor-element-269dc60 e-con-full e-flex e-con e-child\" data-id=\"269dc60\" data-element_type=\"container\" data-settings=\"{&quot;content_width&quot;:&quot;full&quot;}\">\n\t\t<div class=\"elementor-element elementor-element-559b1cf e-con-full e-flex e-con e-child\" data-id=\"559b1cf\" data-element_type=\"container\" data-settings=\"{&quot;content_width&quot;:&quot;full&quot;}\">\n\t\t<div class=\"elementor-element elementor-element-17fdfee e-flex e-con-boxed e-con e-child\" data-id=\"17fdfee\" data-element_type=\"container\" data-settings=\"{&quot;content_width&quot;:&quot;boxed&quot;}\">\n\t\t\t\t\t<div class=\"e-con-inner\">\n\t\t\t\t<div class=\"elementor-element elementor-element-9e81f9b elementor-view-default elementor-mobile-position-top elementor-vertical-align-top elementor-widget elementor-widget-icon-box\" data-id=\"9e81f9b\" data-element_type=\"widget\" data-widget_type=\"icon-box.default\">\n\t\t\t\t<div class=\"elementor-widget-container\">\n\t\t\t<link rel=\"stylesheet\" href=\"https:\/\/esneyhealthtravel.com\/wp-content\/plugins\/elementor\/assets\/css\/widget-icon-box.min.css\">\t\t<div class=\"elementor-icon-box-wrapper\">\n\t\t\t\t\t\t<div class=\"elementor-icon-box-icon\">\n\t\t\t\t<span  class=\"elementor-icon elementor-animation-\">\n\t\t\t\t<i aria-hidden=\"true\" class=\"far fa-check-circle\"><\/i>\t\t\t\t<\/span>\n\t\t\t<\/div>\n\t\t\t\t\t\t<div class=\"elementor-icon-box-content\">\n\t\t\t\t<h3 class=\"elementor-icon-box-title\">\n\t\t\t\t\t<span  >\n\t\t\t\t\t\tJinekomasti\t\t\t\t\t<\/span>\n\t\t\t\t<\/h3>\n\t\t\t\t\t\t\t\t\t<p class=\"elementor-icon-box-description\">\n\t\t\t\t\t\tPlastik cerrahlar\u0131m\u0131z geni\u015f deneyime sahiptir ve birinci s\u0131n\u0131f t\u0131bbi hizmetler sunmaktad\u0131r.\t\t\t\t\t<\/p>\n\t\t\t\t\t\t\t<\/div>\n\t\t<\/div>\n\t\t\t\t<\/div>\n\t\t\t\t<\/div>\n\t\t\t\t\t<\/div>\n\t\t\t\t<\/div>\n\t\t<div class=\"elementor-element elementor-element-383f156 e-flex e-con-boxed e-con e-child\" data-id=\"383f156\" data-element_type=\"container\" data-settings=\"{&quot;content_width&quot;:&quot;boxed&quot;}\">\n\t\t\t\t\t<div class=\"e-con-inner\">\n\t\t\t\t<div class=\"elementor-element elementor-element-6d2a939 elementor-view-default elementor-position-top elementor-mobile-position-top elementor-widget elementor-widget-icon-box\" data-id=\"6d2a939\" data-element_type=\"widget\" data-widget_type=\"icon-box.default\">\n\t\t\t\t<div class=\"elementor-widget-container\">\n\t\t\t\t\t<div class=\"elementor-icon-box-wrapper\">\n\t\t\t\t\t\t<div class=\"elementor-icon-box-icon\">\n\t\t\t\t<span  class=\"elementor-icon elementor-animation-\">\n\t\t\t\t<i aria-hidden=\"true\" class=\"far fa-check-circle\"><\/i>\t\t\t\t<\/span>\n\t\t\t<\/div>\n\t\t\t\t\t\t<div class=\"elementor-icon-box-content\">\n\t\t\t\t<h3 class=\"elementor-icon-box-title\">\n\t\t\t\t\t<span  >\n\t\t\t\t\t\t7\/24 DESTEK\t\t\t\t\t<\/span>\n\t\t\t\t<\/h3>\n\t\t\t\t\t\t\t\t\t<p class=\"elementor-icon-box-description\">\n\t\t\t\t\t\tG\u00fcn\u00fcn her saati, \u00f6zel Ekibimiz sizin i\u00e7in burada.\t\t\t\t\t<\/p>\n\t\t\t\t\t\t\t<\/div>\n\t\t<\/div>\n\t\t\t\t<\/div>\n\t\t\t\t<\/div>\n\t\t\t\t\t<\/div>\n\t\t\t\t<\/div>\n\t\t<div class=\"elementor-element elementor-element-846c1da e-flex e-con-boxed e-con e-child\" data-id=\"846c1da\" data-element_type=\"container\" data-settings=\"{&quot;content_width&quot;:&quot;boxed&quot;}\">\n\t\t\t\t\t<div class=\"e-con-inner\">\n\t\t\t\t<div class=\"elementor-element elementor-element-72e3493 elementor-view-default elementor-position-top elementor-mobile-position-top elementor-widget elementor-widget-icon-box\" data-id=\"72e3493\" data-element_type=\"widget\" data-widget_type=\"icon-box.default\">\n\t\t\t\t<div class=\"elementor-widget-container\">\n\t\t\t\t\t<div class=\"elementor-icon-box-wrapper\">\n\t\t\t\t\t\t<div class=\"elementor-icon-box-icon\">\n\t\t\t\t<span  class=\"elementor-icon elementor-animation-\">\n\t\t\t\t<i aria-hidden=\"true\" class=\"far fa-check-circle\"><\/i>\t\t\t\t<\/span>\n\t\t\t<\/div>\n\t\t\t\t\t\t<div class=\"elementor-icon-box-content\">\n\t\t\t\t<h3 class=\"elementor-icon-box-title\">\n\t\t\t\t\t<span  >\n\t\t\t\t\t\t&#034;HER \u015eEY DAH\u0130L&#034;\t\t\t\t\t<\/span>\n\t\t\t\t<\/h3>\n\t\t\t\t\t\t\t\t\t<p class=\"elementor-icon-box-description\">\n\t\t\t\t\t\tVar\u0131\u015ftan d\u00f6n\u00fc\u015fe kadar t\u00fcm detaylar\u0131 sizin i\u00e7in biz hallederiz.\t\t\t\t\t<\/p>\n\t\t\t\t\t\t\t<\/div>\n\t\t<\/div>\n\t\t\t\t<\/div>\n\t\t\t\t<\/div>\n\t\t\t\t\t<\/div>\n\t\t\t\t<\/div>\n\t\t<div class=\"elementor-element elementor-element-734db70 e-flex e-con-boxed e-con e-child\" data-id=\"734db70\" data-element_type=\"container\" data-settings=\"{&quot;content_width&quot;:&quot;boxed&quot;}\">\n\t\t\t\t\t<div class=\"e-con-inner\">\n\t\t\t\t<div class=\"elementor-element elementor-element-441d9e8 elementor-view-default elementor-position-top elementor-mobile-position-top elementor-widget elementor-widget-icon-box\" data-id=\"441d9e8\" data-element_type=\"widget\" data-widget_type=\"icon-box.default\">\n\t\t\t\t<div class=\"elementor-widget-container\">\n\t\t\t\t\t<div class=\"elementor-icon-box-wrapper\">\n\t\t\t\t\t\t<div class=\"elementor-icon-box-icon\">\n\t\t\t\t<span  class=\"elementor-icon elementor-animation-\">\n\t\t\t\t<i aria-hidden=\"true\" class=\"far fa-check-circle\"><\/i>\t\t\t\t<\/span>\n\t\t\t<\/div>\n\t\t\t\t\t\t<div class=\"elementor-icon-box-content\">\n\t\t\t\t<h3 class=\"elementor-icon-box-title\">\n\t\t\t\t\t<span  >\n\t\t\t\t\t\tTERC\u00dcMANLAR\t\t\t\t\t<\/span>\n\t\t\t\t<\/h3>\n\t\t\t\t\t\t\t\t\t<p class=\"elementor-icon-box-description\">\n\t\t\t\t\t\t\u0130\u015flem \u00f6ncesi ve sonras\u0131 d\u00f6nemde Alan\u0131nda Uzman diyetisyenlerimizle 4 farkl\u0131 dilde optimum destek hizmetinden yararlanabilirsiniz.\t\t\t\t\t<\/p>\n\t\t\t\t\t\t\t<\/div>\n\t\t<\/div>\n\t\t\t\t<\/div>\n\t\t\t\t<\/div>\n\t\t\t\t\t<\/div>\n\t\t\t\t<\/div>\n\t\t\t\t<\/div>\n\t\t\t\t<\/div>\n\t\t\t\t<\/div>\n\t\t<div class=\"elementor-element elementor-element-aa0c73d e-con-full e-flex e-con e-child\" data-id=\"aa0c73d\" data-element_type=\"container\" data-settings=\"{&quot;content_width&quot;:&quot;full&quot;}\">\n\t\t<div class=\"elementor-element elementor-element-33bf82e e-con-full e-flex e-con e-child\" data-id=\"33bf82e\" data-element_type=\"container\" data-settings=\"{&quot;content_width&quot;:&quot;full&quot;}\">\n\t\t<div class=\"elementor-element elementor-element-9d2338a e-flex e-con-boxed e-con e-child\" data-id=\"9d2338a\" data-element_type=\"container\" data-settings=\"{&quot;content_width&quot;:&quot;boxed&quot;}\">\n\t\t\t\t\t<div class=\"e-con-inner\">\n\t\t\t\t<div class=\"elementor-element elementor-element-bb98ce2 elementor-view-default elementor-position-top elementor-mobile-position-top elementor-widget elementor-widget-icon-box\" data-id=\"bb98ce2\" data-element_type=\"widget\" data-widget_type=\"icon-box.default\">\n\t\t\t\t<div class=\"elementor-widget-container\">\n\t\t\t\t\t<div class=\"elementor-icon-box-wrapper\">\n\t\t\t\t\t\t<div class=\"elementor-icon-box-icon\">\n\t\t\t\t<span  class=\"elementor-icon elementor-animation-\">\n\t\t\t\t<i aria-hidden=\"true\" class=\"far fa-check-circle\"><\/i>\t\t\t\t<\/span>\n\t\t\t<\/div>\n\t\t\t\t\t\t<div class=\"elementor-icon-box-content\">\n\t\t\t\t<h3 class=\"elementor-icon-box-title\">\n\t\t\t\t\t<span  >\n\t\t\t\t\t\tDAHA UCUZ F\u0130YAT\t\t\t\t\t<\/span>\n\t\t\t\t<\/h3>\n\t\t\t\t\t\t\t\t\t<p class=\"elementor-icon-box-description\">\n\t\t\t\t\t\tFiyat - 2800 \u20ac\t\t\t\t\t<\/p>\n\t\t\t\t\t\t\t<\/div>\n\t\t<\/div>\n\t\t\t\t<\/div>\n\t\t\t\t<\/div>\n\t\t\t\t\t<\/div>\n\t\t\t\t<\/div>\n\t\t<div class=\"elementor-element elementor-element-74bbd6a e-flex e-con-boxed e-con e-child\" data-id=\"74bbd6a\" data-element_type=\"container\" data-settings=\"{&quot;content_width&quot;:&quot;boxed&quot;}\">\n\t\t\t\t\t<div class=\"e-con-inner\">\n\t\t\t\t<div class=\"elementor-element elementor-element-5c9f152 elementor-view-default elementor-position-top elementor-mobile-position-top elementor-widget elementor-widget-icon-box\" data-id=\"5c9f152\" data-element_type=\"widget\" data-widget_type=\"icon-box.default\">\n\t\t\t\t<div class=\"elementor-widget-container\">\n\t\t\t\t\t<div class=\"elementor-icon-box-wrapper\">\n\t\t\t\t\t\t<div class=\"elementor-icon-box-icon\">\n\t\t\t\t<span  class=\"elementor-icon elementor-animation-\">\n\t\t\t\t<i aria-hidden=\"true\" class=\"far fa-check-circle\"><\/i>\t\t\t\t<\/span>\n\t\t\t<\/div>\n\t\t\t\t\t\t<div class=\"elementor-icon-box-content\">\n\t\t\t\t<h3 class=\"elementor-icon-box-title\">\n\t\t\t\t\t<span  >\n\t\t\t\t\t\tTAT\u0130L D\u00d6NEM\u0130\t\t\t\t\t<\/span>\n\t\t\t\t<\/h3>\n\t\t\t\t\t\t\t\t\t<p class=\"elementor-icon-box-description\">\n\t\t\t\t\t\t\n\u0130yile\u015fme s\u00fcreniz boyunca Antalya'da tatil yapabilirsiniz.\t\t\t\t\t<\/p>\n\t\t\t\t\t\t\t<\/div>\n\t\t<\/div>\n\t\t\t\t<\/div>\n\t\t\t\t<\/div>\n\t\t\t\t\t<\/div>\n\t\t\t\t<\/div>\n\t\t<div class=\"elementor-element elementor-element-c1ddcdd e-flex e-con-boxed e-con e-child\" data-id=\"c1ddcdd\" data-element_type=\"container\" data-settings=\"{&quot;content_width&quot;:&quot;boxed&quot;}\">\n\t\t\t\t\t<div class=\"e-con-inner\">\n\t\t\t\t<div class=\"elementor-element elementor-element-fc6146c elementor-view-default elementor-position-top elementor-mobile-position-top elementor-widget elementor-widget-icon-box\" data-id=\"fc6146c\" data-element_type=\"widget\" data-widget_type=\"icon-box.default\">\n\t\t\t\t<div class=\"elementor-widget-container\">\n\t\t\t\t\t<div class=\"elementor-icon-box-wrapper\">\n\t\t\t\t\t\t<div class=\"elementor-icon-box-icon\">\n\t\t\t\t<span  class=\"elementor-icon elementor-animation-\">\n\t\t\t\t<i aria-hidden=\"true\" class=\"far fa-check-circle\"><\/i>\t\t\t\t<\/span>\n\t\t\t<\/div>\n\t\t\t\t\t\t<div class=\"elementor-icon-box-content\">\n\t\t\t\t<h3 class=\"elementor-icon-box-title\">\n\t\t\t\t\t<span  >\n\t\t\t\t\t\tTIBB\u0130 BAKIM\t\t\t\t\t<\/span>\n\t\t\t\t<\/h3>\n\t\t\t\t\t\t\t\t\t<p class=\"elementor-icon-box-description\">\n\t\t\t\t\t\tSa\u011fl\u0131\u011f\u0131n\u0131z\u0131 ve refah\u0131n\u0131z\u0131 merkeze alan b\u00fct\u00fcnsel bir sa\u011fl\u0131k hizmeti.\t\t\t\t\t<\/p>\n\t\t\t\t\t\t\t<\/div>\n\t\t<\/div>\n\t\t\t\t<\/div>\n\t\t\t\t<\/div>\n\t\t\t\t\t<\/div>\n\t\t\t\t<\/div>\n\t\t<div class=\"elementor-element elementor-element-cc170be e-flex e-con-boxed e-con e-child\" data-id=\"cc170be\" data-element_type=\"container\" data-settings=\"{&quot;content_width&quot;:&quot;boxed&quot;}\">\n\t\t\t\t\t<div class=\"e-con-inner\">\n\t\t\t\t<div class=\"elementor-element elementor-element-670530a elementor-view-default elementor-position-top elementor-mobile-position-top elementor-widget elementor-widget-icon-box\" data-id=\"670530a\" data-element_type=\"widget\" data-widget_type=\"icon-box.default\">\n\t\t\t\t<div class=\"elementor-widget-container\">\n\t\t\t\t\t<div class=\"elementor-icon-box-wrapper\">\n\t\t\t\t\t\t<div class=\"elementor-icon-box-icon\">\n\t\t\t\t<span  class=\"elementor-icon elementor-animation-\">\n\t\t\t\t<i aria-hidden=\"true\" class=\"far fa-check-circle\"><\/i>\t\t\t\t<\/span>\n\t\t\t<\/div>\n\t\t\t\t\t\t<div class=\"elementor-icon-box-content\">\n\t\t\t\t<h3 class=\"elementor-icon-box-title\">\n\t\t\t\t\t<span  >\n\t\t\t\t\t\tBak\u0131m \u00d6NCES\u0130 VE SONRASI\t\t\t\t\t<\/span>\n\t\t\t\t<\/h3>\n\t\t\t\t\t\t\t\t\t<p class=\"elementor-icon-box-description\">\n\t\t\t\t\t\tEkibimiz, en iyi performans i\u00e7in haz\u0131rl\u0131\u011fa ve tabii ki kar\u0131n germe i\u015fleminden sonra yard\u0131mc\u0131 oldu.\t\t\t\t\t<\/p>\n\t\t\t\t\t\t\t<\/div>\n\t\t<\/div>\n\t\t\t\t<\/div>\n\t\t\t\t<\/div>\n\t\t\t\t\t<\/div>\n\t\t\t\t<\/div>\n\t\t\t\t<\/div>\n\t\t\t\t<\/div>\n\t\t<div class=\"elementor-element elementor-element-c511ad2 e-con-full e-flex e-con e-child\" data-id=\"c511ad2\" data-element_type=\"container\" data-settings=\"{&quot;content_width&quot;:&quot;full&quot;}\">\n\t\t<div class=\"elementor-element elementor-element-857e3ad e-con-full e-flex e-con e-child\" data-id=\"857e3ad\" data-element_type=\"container\" data-settings=\"{&quot;content_width&quot;:&quot;full&quot;}\">\n\t\t\t\t<div class=\"elementor-element elementor-element-6ebb618 elementor-widget elementor-widget-image\" data-id=\"6ebb618\" data-element_type=\"widget\" data-widget_type=\"image.default\">\n\t\t\t\t<div class=\"elementor-widget-container\">\n\t\t\t\t\t\t\t\t\t\t\t\t\t\t\t<img decoding=\"async\" width=\"525\" height=\"206\" src=\"https:\/\/esneyhealthtravel.com\/wp-content\/uploads\/2023\/10\/esney-health-travel-logo-768x302-1.png\" class=\"attachment-large size-large wp-image-17374\" alt=\"\" srcset=\"\/\/esneyhealthtravel.com\/wp-content\/uploads\/2023\/10\/esney-health-travel-logo-768x302-1.png 768w, \/\/esneyhealthtravel.com\/wp-content\/uploads\/2023\/10\/esney-health-travel-logo-768x302-1-500x197.png 500w, \/\/esneyhealthtravel.com\/wp-content\/uploads\/2023\/10\/esney-health-travel-logo-768x302-1-300x118.png 300w, \/\/esneyhealthtravel.com\/wp-content\/uploads\/2023\/10\/esney-health-travel-logo-768x302-1-600x236.png 600w\" sizes=\"(max-width: 525px) 100vw, 525px\" \/>\t\t\t\t\t\t\t\t\t\t\t\t\t\t\t<\/div>\n\t\t\t\t<\/div>\n\t\t\t\t<div class=\"elementor-element elementor-element-dd87127 elementor-widget elementor-widget-image\" data-id=\"dd87127\" data-element_type=\"widget\" data-widget_type=\"image.default\">\n\t\t\t\t<div class=\"elementor-widget-container\">\n\t\t\t\t\t\t\t\t\t\t\t\t\t\t\t<img decoding=\"async\" width=\"453\" height=\"126\" src=\"https:\/\/esneyhealthtravel.com\/wp-content\/uploads\/2023\/10\/TURSAB.png\" class=\"attachment-large size-large wp-image-17375\" alt=\"\" srcset=\"\/\/esneyhealthtravel.com\/wp-content\/uploads\/2023\/10\/TURSAB.png 453w, \/\/esneyhealthtravel.com\/wp-content\/uploads\/2023\/10\/TURSAB-300x83.png 300w\" sizes=\"(max-width: 453px) 100vw, 453px\" \/>\t\t\t\t\t\t\t\t\t\t\t\t\t\t\t<\/div>\n\t\t\t\t<\/div>\n\t\t\t\t<\/div>\n\t\t<div class=\"elementor-element elementor-element-5866a7d e-con-full e-flex e-con e-child\" data-id=\"5866a7d\" data-element_type=\"container\" data-settings=\"{&quot;content_width&quot;:&quot;full&quot;}\">\n\t\t\t\t<div class=\"elementor-element elementor-element-bc6a6b7 elementor-widget elementor-widget-heading\" data-id=\"bc6a6b7\" data-element_type=\"widget\" data-widget_type=\"heading.default\">\n\t\t\t\t<div class=\"elementor-widget-container\">\n\t\t\t<h2 class=\"elementor-heading-title elementor-size-default\">Sa\u011fl\u0131kl\u0131 ve g\u00fczel bir v\u00fccut i\u00e7in g\u00fcvenle \u00e7al\u0131\u015f\u0131yoruz\n<\/h2>\t\t<\/div>\n\t\t\t\t<\/div>\n\t\t\t\t<div class=\"elementor-element elementor-element-df1764c elementor-widget elementor-widget-text-editor\" data-id=\"df1764c\" data-element_type=\"widget\" data-widget_type=\"text-editor.default\">\n\t\t\t\t<div class=\"elementor-widget-container\">\n\t\t\t\t\t\t\t<p>Esney Health Travel, Antalya'da t\u0131bbi Seyahat i\u00e7in uzman ve deneyimli orta\u011f\u0131n\u0131zd\u0131r. \nT\u00fcrkiye Sa\u011fl\u0131k Bakanl\u0131\u011f\u0131 taraf\u0131ndan test edilmi\u015f ve onaylanm\u0131\u015ft\u0131r.Trustpilot ve Google gibi portallarda En \u0130yi puanlar ve olumlu deneyimlerimiz bizi gururland\u0131rmaktad\u0131r.<br \/><br \/>Hem\u015fireler, hasta koordinat\u00f6rleri ve y\u00f6neticilerden olu\u015fan profesyonel ekibimiz, ihtiya\u00e7lar\u0131n\u0131za tam olarak uyarlanm\u0131\u015f en uygun ve d\u00fc\u015f\u00fcnceli bir t\u0131bbi yolculuk sunmak i\u00e7in se\u00e7kin klinikler, t\u0131p merkezlerive Cerrahlardan olu\u015fan geni\u015f bir a\u011fa sahibiz.\n\nHastalar\u0131m\u0131za i\u015flemden \u00f6nce bak\u0131yoruz ve bak\u0131m sonras\u0131 ve iyile\u015fene kadar onlara e\u015flik ediyoruz..<\/p>\t\t\t\t\t\t<\/div>\n\t\t\t\t<\/div>\n\t\t\t\t<\/div>\n\t\t\t\t<\/div>\n\t\t\t\t<\/div>\n\t\t\t\t\t<\/div>\n\t\t\t\t<\/div>\n\t\t\t\t\t\t\t<\/div>","protected":false},"excerpt":{"rendered":"<p>Bauchdeckenstraffung Ver\u00e4nderung beginnt hier Verwirklichen Sie Ihre Traumfigur Nach einer Schwangerschaft oder aufgrund von erheblicher Gewichtszunahme k\u00f6nnen Unregelm\u00e4\u00dfigkeiten, Haut\u00fcbersch\u00fcsse und Dehnungsstreifen im Bauchbereich auftreten. Dies kann nicht nur das Selbstvertrauen durch das ver\u00e4nderte Aussehen beeintr\u00e4chtigen, sondern auch die Alltagskleidung erschweren, zu Hautreizungen aufgrund von Schwei\u00dfansammlungen f\u00fchren und R\u00f6tungen verursachen. Die Abdominoplastik ist der medizinische Fachbegriff [&hellip;]<\/p>","protected":false},"author":1,"featured_media":0,"parent":0,"menu_order":0,"comment_status":"closed","ping_status":"closed","template":"","meta":{"footnotes":""},"class_list":["post-18266","page","type-page","status-publish","hentry"],"acf":[],"_links":{"self":[{"href":"https:\/\/esneyhealthtravel.com\/tr\/wp-json\/wp\/v2\/pages\/18266","targetHints":{"allow":["GET"]}}],"collection":[{"href":"https:\/\/esneyhealthtravel.com\/tr\/wp-json\/wp\/v2\/pages"}],"about":[{"href":"https:\/\/esneyhealthtravel.com\/tr\/wp-json\/wp\/v2\/types\/page"}],"author":[{"embeddable":true,"href":"https:\/\/esneyhealthtravel.com\/tr\/wp-json\/wp\/v2\/users\/1"}],"replies":[{"embeddable":true,"href":"https:\/\/esneyhealthtravel.com\/tr\/wp-json\/wp\/v2\/comments?post=18266"}],"version-history":[{"count":0,"href":"https:\/\/esneyhealthtravel.com\/tr\/wp-json\/wp\/v2\/pages\/18266\/revisions"}],"wp:attachment":[{"href":"https:\/\/esneyhealthtravel.com\/tr\/wp-json\/wp\/v2\/media?parent=18266"}],"curies":[{"name":"wp","href":"https:\/\/api.w.org\/{rel}","templated":true}]}}