{"id":18059,"date":"2023-10-31T13:44:09","date_gmt":"2023-10-31T13:44:09","guid":{"rendered":"https:\/\/esneyhealthtravel.com\/?page_id=18059"},"modified":"2023-11-04T15:54:30","modified_gmt":"2023-11-04T15:54:30","slug":"einfuehrung-und-lehrbuch","status":"publish","type":"page","link":"https:\/\/esneyhealthtravel.com\/tr\/tanitim-ve-egitim-kitapcigi\/","title":{"rendered":"Tan\u0131t\u0131m ve E\u011fitim Kitap\u00e7\u0131\u011f\u0131 \u0130ndirmek \u0130\u00e7in T\u0131klay\u0131n\u0131z."},"content":{"rendered":"<div data-elementor-type=\"wp-page\" data-elementor-id=\"18059\" class=\"elementor elementor-18059\" data-elementor-post-type=\"page\">\n\t\t\t\t\t\t\t<div class=\"elementor-element elementor-element-a169566 e-flex e-con-boxed e-con e-parent\" data-id=\"a169566\" data-element_type=\"container\" data-settings=\"{&quot;content_width&quot;:&quot;boxed&quot;}\" data-core-v316-plus=\"true\">\n\t\t\t\t\t<div class=\"e-con-inner\">\n\t\t<div class=\"elementor-element elementor-element-637049f e-con-full e-flex e-con e-child\" data-id=\"637049f\" data-element_type=\"container\" data-settings=\"{&quot;content_width&quot;:&quot;full&quot;}\">\n\t\t\t\t<div class=\"elementor-element elementor-element-6d90df5 elementor-widget elementor-widget-heading\" data-id=\"6d90df5\" data-element_type=\"widget\" data-widget_type=\"heading.default\">\n\t\t\t\t<div class=\"elementor-widget-container\">\n\t\t\t<style>\/*! elementor - v3.17.0 - 25-10-2023 *\/\n.elementor-heading-title{padding:0;margin:0;line-height:1}.elementor-widget-heading .elementor-heading-title[class*=elementor-size-]>a{color:inherit;font-size:inherit;line-height:inherit}.elementor-widget-heading .elementor-heading-title.elementor-size-small{font-size:15px}.elementor-widget-heading .elementor-heading-title.elementor-size-medium{font-size:19px}.elementor-widget-heading .elementor-heading-title.elementor-size-large{font-size:29px}.elementor-widget-heading .elementor-heading-title.elementor-size-xl{font-size:39px}.elementor-widget-heading .elementor-heading-title.elementor-size-xxl{font-size:59px}<\/style><h2 class=\"elementor-heading-title elementor-size-default\">Bilgi Kitap\u00e7\u0131\u011f\u0131<\/h2>\t\t<\/div>\n\t\t\t\t<\/div>\n\t\t\t\t<div class=\"elementor-element elementor-element-b422e73 elementor-widget elementor-widget-text-editor\" data-id=\"b422e73\" data-element_type=\"widget\" data-widget_type=\"text-editor.default\">\n\t\t\t\t<div class=\"elementor-widget-container\">\n\t\t\t<style>\/*! elementor - v3.17.0 - 25-10-2023 *\/\n.elementor-widget-text-editor.elementor-drop-cap-view-stacked .elementor-drop-cap{background-color:#69727d;color:#fff}.elementor-widget-text-editor.elementor-drop-cap-view-framed .elementor-drop-cap{color:#69727d;border:3px solid;background-color:transparent}.elementor-widget-text-editor:not(.elementor-drop-cap-view-default) .elementor-drop-cap{margin-top:8px}.elementor-widget-text-editor:not(.elementor-drop-cap-view-default) .elementor-drop-cap-letter{width:1em;height:1em}.elementor-widget-text-editor .elementor-drop-cap{float:left;text-align:center;line-height:1;font-size:50px}.elementor-widget-text-editor .elementor-drop-cap-letter{display:inline-block}<\/style>\t\t\t\t<p>\"E\u011fitim ve Tan\u0131t\u0131m\" bro\u015f\u00fcr\u00fcm\u00fcz\u00fc indirmek i\u00e7in l\u00fctfen a\u015fa\u011f\u0131daki formu doldurunuz. Doldurduktan sonra indirme d\u00fc\u011fmesi g\u00f6r\u00fcnt\u00fclenecektir.<\/p>\t\t\t\t\t\t<\/div>\n\t\t\t\t<\/div>\n\t\t\t\t<\/div>\n\t\t\t\t\t<\/div>\n\t\t\t\t<\/div>\n\t\t<div class=\"elementor-element elementor-element-17c34c2 e-flex e-con-boxed e-con e-parent\" data-id=\"17c34c2\" data-element_type=\"container\" data-settings=\"{&quot;content_width&quot;:&quot;boxed&quot;}\" data-core-v316-plus=\"true\">\n\t\t\t\t\t<div class=\"e-con-inner\">\n\t\t<div class=\"elementor-element elementor-element-9bc9cb8 e-con-full e-flex e-con e-child\" data-id=\"9bc9cb8\" data-element_type=\"container\" data-settings=\"{&quot;content_width&quot;:&quot;full&quot;}\">\n\t\t\t\t<div class=\"elementor-element elementor-element-c7904f6 elementor-widget elementor-widget-wpforms\" data-id=\"c7904f6\" data-element_type=\"widget\" data-widget_type=\"wpforms.default\">\n\t\t\t\t<div class=\"elementor-widget-container\">\n\t\t\t<style id=\"wpforms-css-vars-root\">\n\t\t\t\t:root {\n\t\t\t\t\t--wpforms-field-border-radius: 3px;\n--wpforms-field-background-color: #ffffff;\n--wpforms-field-border-color: rgba( 0, 0, 0, 0.25 );\n--wpforms-field-text-color: rgba( 0, 0, 0, 0.7 );\n--wpforms-label-color: rgba( 0, 0, 0, 0.85 );\n--wpforms-label-sublabel-color: rgba( 0, 0, 0, 0.55 );\n--wpforms-label-error-color: #d63637;\n--wpforms-button-border-radius: 3px;\n--wpforms-button-background-color: #066aab;\n--wpforms-button-text-color: #ffffff;\n--wpforms-field-size-input-height: 43px;\n--wpforms-field-size-input-spacing: 15px;\n--wpforms-field-size-font-size: 16px;\n--wpforms-field-size-line-height: 19px;\n--wpforms-field-size-padding-h: 14px;\n--wpforms-field-size-checkbox-size: 16px;\n--wpforms-field-size-sublabel-spacing: 5px;\n--wpforms-field-size-icon-size: 1;\n--wpforms-label-size-font-size: 16px;\n--wpforms-label-size-line-height: 19px;\n--wpforms-label-size-sublabel-font-size: 14px;\n--wpforms-label-size-sublabel-line-height: 17px;\n--wpforms-button-size-font-size: 17px;\n--wpforms-button-size-height: 41px;\n--wpforms-button-size-padding-h: 15px;\n--wpforms-button-size-margin-top: 10px;\n\n\t\t\t\t}\n\t\t\t<\/style><style id=\"wpforms-css-vars-elementor-widget-c7904f6\">\n\t\t\t\t.elementor-widget-wpforms.elementor-element-c7904f6 {\n\t\t\t\t\t--wpforms-field-size-input-height: 43px;\n--wpforms-field-size-input-spacing: 15px;\n--wpforms-field-size-font-size: 16px;\n--wpforms-field-size-line-height: 19px;\n--wpforms-field-size-padding-h: 14px;\n--wpforms-field-size-checkbox-size: 16px;\n--wpforms-field-size-sublabel-spacing: 5px;\n--wpforms-field-size-icon-size: 1;\n--wpforms-label-size-font-size: 16px;\n--wpforms-label-size-line-height: 19px;\n--wpforms-label-size-sublabel-font-size: 14px;\n--wpforms-label-size-sublabel-line-height: 17px;\n--wpforms-button-size-font-size: 17px;\n--wpforms-button-size-height: 41px;\n--wpforms-button-size-padding-h: 15px;\n--wpforms-button-size-margin-top: 10px;\n\n\t\t\t\t}\n\t\t\t<\/style><div class=\"wpforms-container wpforms-container-full wpforms-render-modern\" id=\"wpforms-18054\"><form id=\"wpforms-form-18054\" class=\"wpforms-validate wpforms-form wpforms-ajax-form\" data-formid=\"18054\" method=\"post\" enctype=\"multipart\/form-data\" action=\"\/tr\/wp-json\/wp\/v2\/pages\/18059\" data-token=\"e83885240ce46498a3b96e6702d7a795\" data-trp-original-action=\"\/tr\/wp-json\/wp\/v2\/pages\/18059\"><noscript class=\"wpforms-error-noscript\">Bu formu bitirebilmek i\u00e7in taray\u0131c\u0131n\u0131zda JavaScript&#039;i etkinle\u015ftirin.<\/noscript><div class=\"wpforms-hidden\" id=\"wpforms-error-noscript\">Bu formu bitirebilmek i\u00e7in taray\u0131c\u0131n\u0131zda JavaScript&#039;i etkinle\u015ftirin.<\/div><div class=\"wpforms-field-container\"><div id=\"wpforms-18054-field_0-container\" class=\"wpforms-field wpforms-field-name\" data-field-id=\"0\"><fieldset><legend class=\"wpforms-field-label\">\u0130sim <span class=\"wpforms-required-label\" aria-hidden=\"true\">*<\/span><\/legend><div class=\"wpforms-field-row wpforms-field-large\"><div class=\"wpforms-field-row-block wpforms-first wpforms-one-half\"><input type=\"text\" id=\"wpforms-18054-field_0\" class=\"wpforms-field-name-first wpforms-field-required\" name=\"wpforms[fields][0][first]\" aria-errormessage=\"wpforms-18054-field_0-error\" required><label for=\"wpforms-18054-field_0\" class=\"wpforms-field-sublabel after\">Ad<\/label><\/div><div class=\"wpforms-field-row-block wpforms-one-half\"><input type=\"text\" id=\"wpforms-18054-field_0-last\" class=\"wpforms-field-name-last wpforms-field-required\" name=\"wpforms[fields][0][last]\" aria-errormessage=\"wpforms-18054-field_0-last-error\" required><label for=\"wpforms-18054-field_0-last\" class=\"wpforms-field-sublabel after\">Soyad<\/label><\/div><\/div><\/fieldset><\/div><div id=\"wpforms-18054-field_1-container\" class=\"wpforms-field wpforms-field-email\" data-field-id=\"1\"><label class=\"wpforms-field-label\" for=\"wpforms-18054-field_1\">E-Mail <span class=\"wpforms-required-label\" aria-hidden=\"true\">*<\/span><\/label><input type=\"email\" id=\"wpforms-18054-field_1\" class=\"wpforms-field-large wpforms-field-required\" name=\"wpforms[fields][1]\" spellcheck=\"false\" aria-errormessage=\"wpforms-18054-field_1-error\" required><\/div><\/div><!-- .wpforms-field-container --><div class=\"wpforms-submit-container\" ><input type=\"hidden\" name=\"wpforms[id]\" value=\"18054\"><input type=\"hidden\" name=\"wpforms[author]\" value=\"1\"><button type=\"submit\" name=\"wpforms[submit]\" id=\"wpforms-submit-18054\" class=\"wpforms-submit\" data-alt-text=\"Wird gesendet\u00a0\u2026\" data-submit-text=\"Absenden\" aria-live=\"assertive\" value=\"wpforms-submit\">G\u00f6nder<\/button><img decoding=\"async\" src=\"https:\/\/esneyhealthtravel.com\/wp-content\/plugins\/wpforms\/assets\/images\/submit-spin.svg\" class=\"wpforms-submit-spinner\" style=\"display: none;\" width=\"26\" height=\"26\" alt=\"Y\u00fckleniyor\"><\/div><input type=\"hidden\" name=\"trp-form-language\" value=\"tr\"\/><\/form><\/div>  <!-- .wpforms-container -->\t\t<\/div>\n\t\t\t\t<\/div>\n\t\t\t\t<\/div>\n\t\t<div class=\"elementor-element elementor-element-182e352 e-con-full e-flex e-con e-child\" data-id=\"182e352\" data-element_type=\"container\" data-settings=\"{&quot;content_width&quot;:&quot;full&quot;}\">\n\t\t<div class=\"elementor-element elementor-element-c511ad2 e-con-full e-flex e-con e-child\" data-id=\"c511ad2\" data-element_type=\"container\" data-settings=\"{&quot;content_width&quot;:&quot;full&quot;}\">\n\t\t<div class=\"elementor-element elementor-element-5866a7d e-con-full e-flex e-con e-child\" data-id=\"5866a7d\" data-element_type=\"container\" data-settings=\"{&quot;content_width&quot;:&quot;full&quot;}\">\n\t\t\t\t<div class=\"elementor-element elementor-element-bc6a6b7 elementor-widget elementor-widget-heading\" data-id=\"bc6a6b7\" data-element_type=\"widget\" data-widget_type=\"heading.default\">\n\t\t\t\t<div class=\"elementor-widget-container\">\n\t\t\t<h2 class=\"elementor-heading-title elementor-size-default\">Sa\u011fl\u0131kl\u0131 ve g\u00fczel bir v\u00fccut i\u00e7in g\u00fcvenle \u00e7al\u0131\u015f\u0131yoruz\n<\/h2>\t\t<\/div>\n\t\t\t\t<\/div>\n\t\t\t\t<div class=\"elementor-element elementor-element-df1764c elementor-widget elementor-widget-text-editor\" data-id=\"df1764c\" data-element_type=\"widget\" data-widget_type=\"text-editor.default\">\n\t\t\t\t<div class=\"elementor-widget-container\">\n\t\t\t\t\t\t\t<p>Esney Health Travel, Antalya'da t\u0131bbi seyahat i\u00e7in g\u00fcvenilir orta\u011f\u0131n\u0131zd\u0131r. Sa\u011fl\u0131k Bakanl\u0131\u011f\u0131 taraf\u0131ndan onayl\u0131 ve ruhsatl\u0131d\u0131r.  T\u0131bbi seyahatinizi en \u00fcst d\u00fczeyde \u00f6zenle planl\u0131yor ve organize ediyoruz. Y\u00fczlerce ba\u015far\u0131l\u0131 t\u0131bbi seyahat deneyimimizden faydalan\u0131rs\u0131n\u0131z.<\/p><p>Deneyimli ekibimiz, size en uygun t\u0131bbi seyahati sunmak i\u00e7in se\u00e7kin hastaneler, klinikler ve tan\u0131nm\u0131\u015f t\u0131p uzmanlar\u0131ndan olu\u015fan geni\u015f a\u011f\u0131n\u0131 kullanmaktad\u0131r. Profesyonel planlama ve t\u0131bbi uzmanl\u0131\u011f\u0131m\u0131zla sorunsuz bir tedavi ve seyahat deneyimi sa\u011fl\u0131yoruz. En y\u00fcksek t\u0131bbi standartlar\u0131 sa\u011fl\u0131yoruz. Ki\u015fisel tavsiyeler, samimi, ho\u015f bir atmosferin yan\u0131 s\u0131ra tam olarak ihtiya\u00e7lar\u0131n\u0131za g\u00f6re planlama sa\u011fl\u0131yoruz..<\/p>\t\t\t\t\t\t<\/div>\n\t\t\t\t<\/div>\n\t\t\t\t<\/div>\n\t\t\t\t<\/div>\n\t\t\t\t<\/div>\n\t\t\t\t\t<\/div>\n\t\t\t\t<\/div>\n\t\t\t\t\t\t\t<\/div>","protected":false},"excerpt":{"rendered":"<p>Information Brosch\u00fcre Bitte f\u00fcllen Sie das nachstehende Formular aus, um unsere Brosch\u00fcre &#8222;Schulung und Einf\u00fchrung&#8220; herunterzuladen. Nach dem Ausf\u00fcllen wird die Schaltfl\u00e4che zum Herunterladen angezeigt. Bu formu bitirebilmek i\u00e7in taray\u0131c\u0131n\u0131zda JavaScript&#039;i etkinle\u015ftirin.Bu formu bitirebilmek i\u00e7in taray\u0131c\u0131n\u0131zda JavaScript&#039;i etkinle\u015ftirin. Name * AdSoyad E-Mail-Adresse * Absenden Sicher und erfahren zur gesunden Traumfigur. Esney Health Travel\u00a0ist Ihr vertrauensw\u00fcrdiger [&hellip;]<\/p>","protected":false},"author":1,"featured_media":0,"parent":0,"menu_order":0,"comment_status":"closed","ping_status":"closed","template":"","meta":{"footnotes":""},"class_list":["post-18059","page","type-page","status-publish","hentry"],"acf":[],"_links":{"self":[{"href":"https:\/\/esneyhealthtravel.com\/tr\/wp-json\/wp\/v2\/pages\/18059","targetHints":{"allow":["GET"]}}],"collection":[{"href":"https:\/\/esneyhealthtravel.com\/tr\/wp-json\/wp\/v2\/pages"}],"about":[{"href":"https:\/\/esneyhealthtravel.com\/tr\/wp-json\/wp\/v2\/types\/page"}],"author":[{"embeddable":true,"href":"https:\/\/esneyhealthtravel.com\/tr\/wp-json\/wp\/v2\/users\/1"}],"replies":[{"embeddable":true,"href":"https:\/\/esneyhealthtravel.com\/tr\/wp-json\/wp\/v2\/comments?post=18059"}],"version-history":[{"count":1,"href":"https:\/\/esneyhealthtravel.com\/tr\/wp-json\/wp\/v2\/pages\/18059\/revisions"}],"predecessor-version":[{"id":18553,"href":"https:\/\/esneyhealthtravel.com\/tr\/wp-json\/wp\/v2\/pages\/18059\/revisions\/18553"}],"wp:attachment":[{"href":"https:\/\/esneyhealthtravel.com\/tr\/wp-json\/wp\/v2\/media?parent=18059"}],"curies":[{"name":"wp","href":"https:\/\/api.w.org\/{rel}","templated":true}]}}