{"id":17564,"date":"2023-10-24T16:51:59","date_gmt":"2023-10-24T16:51:59","guid":{"rendered":"https:\/\/esneyhealthtravel.com\/?page_id=17564"},"modified":"2023-10-24T16:52:36","modified_gmt":"2023-10-24T16:52:36","slug":"impressum","status":"publish","type":"page","link":"https:\/\/esneyhealthtravel.com\/tr\/kunye\/","title":{"rendered":"K\u00fcnye"},"content":{"rendered":"<h2 class=\"wp-block-heading\">K\u00fcnye<\/h2>\n\n\n\n<h4 class=\"wp-block-heading\">\u00a7 5 TMG uyar\u0131nca bilgi<\/h4>\n\n\n\n<p><strong>Esney Health Travel,<\/strong><\/p>\n\n\n\n<p>Posta adresi:<\/p>\n\n\n\n<p>Esney Sa\u011fl\u0131k ve Turizm Limited \u015eirketi<br>BAHCEYAKA MAH. DUMLUPINAR CAD. A3<br>BLOK \u00c7AY KENT S\u0130TES\u0130 NO: 33 \u0130\u00c7 KAPI NO: 4<br>07190 D\u00f6\u015femealt\u0131\/Antalya<br>T\u00fcrkiye<\/p>\n\n\n\n<p>Bilginin eski adresi:<\/p>\n\n\n\n<p>Esney Sa\u011fl\u0131k ve Turizm Limited \u015eirketi<br>TOMALAR MAH. 830. SOK. NO 7 I\u00c7 KAPI NO: 1<br>07190 D\u00f6\u015femealt\u0131\/Antalya<br>T\u00fcrkiye<\/p>\n\n\n\n<h4 class=\"wp-block-heading\">\u0130leti\u015fim<\/h4>\n\n\n\n<p>Telefon: + 49 (0)176 \/ 90220942<br>E-Posta: info@esneyhealthtravel.com<\/p>\n\n\n\n<h4 class=\"wp-block-heading\">KDV Numaras\u0131<\/h4>\n\n\n\n<p>Alman KDV kanunu&#039;nun \u00a7 27 a maddesine g\u00f6re sat\u0131\u015f vergisi kimlik numaras\u0131:<\/p>\n\n\n\n<p>Vergi Kimli\u011fi \/ KDV<\/p>\n\n\n\n<p>\u2013<\/p>\n\n\n\n<h4 class=\"wp-block-heading\">AB uyu\u015fmazl\u0131k \u00e7\u00f6z\u00fcm\u00fc<\/h4>\n\n\n\n<p>Avrupa Komisyonu, \u00c7evrimi\u00e7i uyu\u015fmazl\u0131k \u00e7\u00f6z\u00fcm\u00fc (OS)i\u00e7in bir platform sa\u011flar:<\/p>\n\n\n\n<figure class=\"wp-block-embed\"><div class=\"wp-block-embed__wrapper\">\nhttps:\/\/ec.europa.eu\/consumers\/odr\/.\n<\/div><\/figure>\n\n\n\n<p>E-posta adresimiz yukar\u0131da bask\u0131da bulunabilir.<\/p>\n\n\n\n<h4 class=\"wp-block-heading\">T\u00fcketici uyu\u015fmazl\u0131klar\u0131n\u0131n \u00e7\u00f6z\u00fcm\u00fc<\/h4>\n\n\n\n<p>Bir uyu\u015fmazl\u0131k \u00e7\u00f6z\u00fcm s\u00fcrecinden \u00f6nce uyu\u015fmazl\u0131k \u00e7\u00f6z\u00fcm s\u00fcrecine kat\u0131lmaya istekli veya mecbur de\u011filiz.<\/p>\n\n\n\n<p>T\u00fcketici uzla\u015ft\u0131rmas\u0131 teste kat\u0131l\u0131r.<\/p>\n\n\n\n<p>Kaynak:&nbsp;<a href=\"https:\/\/www.e-recht24.de\/\" target=\"_blank\" rel=\"noreferrer noopener\">Erecht24&#039;n\u0131n sohbeti<\/a><\/p>\n\n\n\n<h4 class=\"wp-block-heading\">&nbsp;<\/h4>\n\n\n\n<h4 class=\"wp-block-heading\">Feragatname<\/h4>\n\n\n\n<h5 class=\"wp-block-heading\">Ba\u011flant\u0131lar i\u00e7in Sorumluluk:<\/h5>\n\n\n\n<p>Web sitemiz, i\u00e7eri\u011fi \u00fczerinde hi\u00e7bir etkimiz olmayan \u00fc\u00e7\u00fcnc\u00fc taraflar\u0131n harici web sitelerine ba\u011flant\u0131lar i\u00e7erir. Bu y\u00fczden i\u00e7eriklerinden sorumlu de\u011filiz. Sayfalar\u0131n ilgili sa\u011flay\u0131c\u0131s\u0131 veya i\u015fletmecisi i\u00e7eriklerinden her zaman sorumludur. Ba\u011flant\u0131 s\u0131ras\u0131nda, olas\u0131 yasa ihlalleriyle ba\u011flant\u0131l\u0131 web sitelerini inceledik ve hi\u00e7birini bulamad\u0131k. Yasal ihlallere dair somut kan\u0131t olmadan ba\u011flant\u0131l\u0131 sayfalar\u0131n kal\u0131c\u0131 olarak izlenmesi makul de\u011fildir. Herhangi bir yasal ihlali \u00f6\u011frenirsek, bu T\u00fcr Ba\u011flant\u0131lar\u0131 derhal kald\u0131raca\u011f\u0131z.<\/p>\n\n\n\n<h5 class=\"wp-block-heading\">\u0130\u00e7erik sorumlulu\u011fu:<\/h5>\n\n\n\n<p>Sayfalar\u0131m\u0131z son derece \u00f6zenle olu\u015fturulmu\u015ftur. Bununla birlikte, i\u00e7eri\u011fin do\u011frulu\u011fu, eksiksizli\u011fi veya g\u00fcncelli\u011fi i\u00e7in sorumluluk alamay\u0131z, garanti veremeyiz. Bir servis sa\u011flay\u0131c\u0131 olarak \u00a7 7 Abs&#039;ye g\u00f6reyiz.1.Kendi i\u00e7eri\u011fimizden sorumlu TMG. Bununla birlikte, \u00a7 8 ila 10 tmg&#039;ye g\u00f6re, yasa ihlalleriyle ilgili iletilen veya depolanan \u00fc\u00e7\u00fcnc\u00fc taraf bilgilerini kontrol etmek zorunda de\u011filiz. Genel yasalar uyar\u0131nca bilgilerin kald\u0131r\u0131lmas\u0131 veya engellenmesine ili\u015fkin y\u00fck\u00fcml\u00fcl\u00fckler etkilenmeden kal\u0131r. Bir sorumluluk, ancak yasan\u0131n somut bir ihlali hakk\u0131nda bilgi sahibi oldu\u011fu tarihten itibaren m\u00fcmk\u00fcnd\u00fcr. Herhangi bir yasal ihlali \u00f6\u011frenirsek, bu i\u00e7eri\u011fi derhal kald\u0131raca\u011f\u0131z.<\/p>\n\n\n\n<h5 class=\"wp-block-heading\">Telif hakk\u0131:<\/h5>\n\n\n\n<p>Bu sayfalardaki i\u00e7erik ve eserler Alman telif hakk\u0131 yasas\u0131na tabidir. \u0130lgili yazar\u0131n\u0131n veya Yarat\u0131c\u0131s\u0131n\u0131n yaz\u0131l\u0131 izni olmadan \u00e7o\u011falt\u0131lamaz, de\u011fi\u015ftirilemez, da\u011f\u0131t\u0131lamaz veya ba\u015fka bir \u015fekilde kullan\u0131lamaz. Bu sayfalar\u0131n indirilmesine ve kopyalanmas\u0131na yaln\u0131zca \u00f6zel, ticari olmayan kullan\u0131m i\u00e7in izin verilir. \u00dc\u00e7\u00fcnc\u00fc bir taraf\u0131n fikri m\u00fclkiyet haklar\u0131na sayg\u0131 duyar\u0131z ve \u00fc\u00e7\u00fcnc\u00fc taraf i\u00e7eri\u011fini bu \u015fekilde etiketleriz. Yine de bir telif hakk\u0131 ihlalinden haberdar olman\u0131z durumunda l\u00fctfen bizi bilgilendirin. Bu t\u00fcr i\u00e7erikleri derhal kald\u0131raca\u011f\u0131z.<\/p>","protected":false},"excerpt":{"rendered":"<p>Impressum Angaben gem\u00e4\u00df \u00a7 5 TMG Esney Health Travel Postanschrift: Esney Sa\u011fl\u0131k ve Turizm Limited \u015eirketiBAHCEYAKA MAH. DUMLUPINAR CAD. A3BLOK CAY KENT NO: 33IC KAPI NO: 407190 D\u00f6\u015femealt\u0131\/AntalyaT\u00fcrkiye Ehemalige Anschrift zur Info: Esney Sa\u011fl\u0131k ve Turizm Limited \u015eirketiTOMALAR MAH. 830. SOK. NO 7 \u0130\u00c7 KAPI NO 107190 D\u00f6\u015femealt\u0131\/AntalyaT\u00fcrkiye Kontakt Telefon: +49 (0)176 \/ 90220942E-Mail: info@esneyhealthtravel.com [&hellip;]<\/p>","protected":false},"author":1,"featured_media":0,"parent":0,"menu_order":0,"comment_status":"closed","ping_status":"closed","template":"","meta":{"footnotes":""},"class_list":["post-17564","page","type-page","status-publish","hentry"],"acf":[],"_links":{"self":[{"href":"https:\/\/esneyhealthtravel.com\/tr\/wp-json\/wp\/v2\/pages\/17564","targetHints":{"allow":["GET"]}}],"collection":[{"href":"https:\/\/esneyhealthtravel.com\/tr\/wp-json\/wp\/v2\/pages"}],"about":[{"href":"https:\/\/esneyhealthtravel.com\/tr\/wp-json\/wp\/v2\/types\/page"}],"author":[{"embeddable":true,"href":"https:\/\/esneyhealthtravel.com\/tr\/wp-json\/wp\/v2\/users\/1"}],"replies":[{"embeddable":true,"href":"https:\/\/esneyhealthtravel.com\/tr\/wp-json\/wp\/v2\/comments?post=17564"}],"version-history":[{"count":0,"href":"https:\/\/esneyhealthtravel.com\/tr\/wp-json\/wp\/v2\/pages\/17564\/revisions"}],"wp:attachment":[{"href":"https:\/\/esneyhealthtravel.com\/tr\/wp-json\/wp\/v2\/media?parent=17564"}],"curies":[{"name":"wp","href":"https:\/\/api.w.org\/{rel}","templated":true}]}}