{"id":17021,"date":"2021-12-05T06:49:50","date_gmt":"2021-12-05T06:49:50","guid":{"rendered":"https:\/\/medicate.peacefulqode.com\/?page_id=2636"},"modified":"2023-10-25T20:01:03","modified_gmt":"2023-10-25T20:01:03","slug":"uber-uns","status":"publish","type":"page","link":"https:\/\/esneyhealthtravel.com\/tr\/hakkimizda\/","title":{"rendered":"Hakk\u0131m\u0131zda"},"content":{"rendered":"<div data-elementor-type=\"wp-page\" data-elementor-id=\"17021\" class=\"elementor elementor-17021\" data-elementor-post-type=\"page\">\n\t\t\t\t\t\t\t<div class=\"elementor-element elementor-element-aaae012 e-flex e-con-boxed e-con e-parent\" data-id=\"aaae012\" data-element_type=\"container\" data-settings=\"{&quot;content_width&quot;:&quot;boxed&quot;}\" data-core-v316-plus=\"true\">\n\t\t\t\t\t<div class=\"e-con-inner\">\n\t\t<div class=\"elementor-element elementor-element-96faa8d e-con-full e-flex e-con e-child\" data-id=\"96faa8d\" data-element_type=\"container\" data-settings=\"{&quot;content_width&quot;:&quot;full&quot;}\">\n\t\t\t\t<div class=\"elementor-element elementor-element-aba7a06 elementor-widget elementor-widget-image\" data-id=\"aba7a06\" data-element_type=\"widget\" data-widget_type=\"image.default\">\n\t\t\t\t<div class=\"elementor-widget-container\">\n\t\t\t<style>\/*! elementor - v3.17.0 - 25-10-2023 *\/\n.elementor-widget-image{text-align:center}.elementor-widget-image a{display:inline-block}.elementor-widget-image a img[src$=\".svg\"]{width:48px}.elementor-widget-image img{vertical-align:middle;display:inline-block}<\/style>\t\t\t\t\t\t\t\t\t\t\t\t<img decoding=\"async\" width=\"1280\" height=\"1127\" src=\"https:\/\/esneyhealthtravel.com\/wp-content\/uploads\/2023\/10\/Untitled-design.png\" class=\"attachment-full size-full wp-image-17544\" alt=\"\" srcset=\"\/\/esneyhealthtravel.com\/wp-content\/uploads\/2023\/10\/Untitled-design.png 1280w, \/\/esneyhealthtravel.com\/wp-content\/uploads\/2023\/10\/Untitled-design-500x440.png 500w, \/\/esneyhealthtravel.com\/wp-content\/uploads\/2023\/10\/Untitled-design-1200x1057.png 1200w, \/\/esneyhealthtravel.com\/wp-content\/uploads\/2023\/10\/Untitled-design-300x264.png 300w, \/\/esneyhealthtravel.com\/wp-content\/uploads\/2023\/10\/Untitled-design-768x676.png 768w, \/\/esneyhealthtravel.com\/wp-content\/uploads\/2023\/10\/Untitled-design-600x528.png 600w\" sizes=\"(max-width: 1280px) 100vw, 1280px\" \/>\t\t\t\t\t\t\t\t\t\t\t\t\t\t\t<\/div>\n\t\t\t\t<\/div>\n\t\t\t\t<\/div>\n\t\t<div class=\"elementor-element elementor-element-b988f90 e-con-full e-flex e-con e-child\" data-id=\"b988f90\" data-element_type=\"container\" data-settings=\"{&quot;content_width&quot;:&quot;full&quot;}\">\n\t\t\t\t<div class=\"elementor-element elementor-element-1af7da5 elementor-widget elementor-widget-heading\" data-id=\"1af7da5\" data-element_type=\"widget\" data-widget_type=\"heading.default\">\n\t\t\t\t<div class=\"elementor-widget-container\">\n\t\t\t<style>\/*! elementor - v3.17.0 - 25-10-2023 *\/\n.elementor-heading-title{padding:0;margin:0;line-height:1}.elementor-widget-heading .elementor-heading-title[class*=elementor-size-]>a{color:inherit;font-size:inherit;line-height:inherit}.elementor-widget-heading .elementor-heading-title.elementor-size-small{font-size:15px}.elementor-widget-heading .elementor-heading-title.elementor-size-medium{font-size:19px}.elementor-widget-heading .elementor-heading-title.elementor-size-large{font-size:29px}.elementor-widget-heading .elementor-heading-title.elementor-size-xl{font-size:39px}.elementor-widget-heading .elementor-heading-title.elementor-size-xxl{font-size:59px}<\/style><h2 class=\"elementor-heading-title elementor-size-default\">hakk\u0131m\u0131zda<\/h2>\t\t<\/div>\n\t\t\t\t<\/div>\n\t\t\t\t<div class=\"elementor-element elementor-element-edc79a6 elementor-widget elementor-widget-text-editor\" data-id=\"edc79a6\" data-element_type=\"widget\" data-widget_type=\"text-editor.default\">\n\t\t\t\t<div class=\"elementor-widget-container\">\n\t\t\t<style>\/*! elementor - v3.17.0 - 25-10-2023 *\/\n.elementor-widget-text-editor.elementor-drop-cap-view-stacked .elementor-drop-cap{background-color:#69727d;color:#fff}.elementor-widget-text-editor.elementor-drop-cap-view-framed .elementor-drop-cap{color:#69727d;border:3px solid;background-color:transparent}.elementor-widget-text-editor:not(.elementor-drop-cap-view-default) .elementor-drop-cap{margin-top:8px}.elementor-widget-text-editor:not(.elementor-drop-cap-view-default) .elementor-drop-cap-letter{width:1em;height:1em}.elementor-widget-text-editor .elementor-drop-cap{float:left;text-align:center;line-height:1;font-size:50px}.elementor-widget-text-editor .elementor-drop-cap-letter{display:inline-block}<\/style>\t\t\t\t<p>Tan\u0131nm\u0131\u015f bir hizmet \u015firketi olarak, T\u00fcrkiye Sa\u011fl\u0131k Bakanl\u0131\u011f\u0131'n\u0131n ruhsat\u0131 ve s\u00fcrekli denetimi alt\u0131nday\u0131z.  Antalya'daki merkezimizden ve Almanya ve \u0130ngiltere'deki lokasyonlar\u0131m\u0131zdan, t\u0131bbi seyahatinizi en \u00fcst d\u00fczeyde \u00f6zen ve ba\u011fl\u0131l\u0131kla planl\u0131yor ve organize ediyoruz.\u00a0<\/p><p>Deneyimli ekibimiz, size \u00f6zel bir t\u0131bbi yolculuk sunmak i\u00e7in se\u00e7kin hastaneler, klinikler ve uzmanlardan olu\u015fan geni\u015f a\u011f\u0131n\u0131 kullanmaktad\u0131r. Mide k\u00fc\u00e7\u00fcltme, Di\u015f, Kad\u0131n Do\u011fum ve plastik cerrahi alan\u0131nda \u00f6nde gelen uzmanlarla \u00e7al\u0131\u015f\u0131yoruz. Sonu\u00e7 olarak, cerrahlar ger\u00e7ekle\u015ftirdikleri \u00e7ok say\u0131da ameliyata dayanan ola\u011fan\u00fcst\u00fc rutin ve deneyime sahip olduklar\u0131ndan, uluslararas\u0131 standartlar\u0131 kar\u015f\u0131layan ve hatta a\u015fan t\u0131bbi uzmanl\u0131k ve standartlar sunuyoruz.<\/p><p>Profesyonel planlamam\u0131z, ki\u015fisel ve ailevi \u00f6zenimizle, tam ihtiya\u00e7lar\u0131n\u0131z\u0131 ve sa\u011fl\u0131k hedeflerinizi dikkate alan optimum bir seyahat deneyimi sa\u011fl\u0131yoruz.<\/p>\t\t\t\t\t\t<\/div>\n\t\t\t\t<\/div>\n\t\t\t\t<\/div>\n\t\t\t\t\t<\/div>\n\t\t\t\t<\/div>\n\t\t\t\t\t\t\t<\/div>","protected":false},"excerpt":{"rendered":"<p>\u00dcBER UNS Als renommiertes Dienstleistungs-Unternehmen sind wir\u00a0lizensiert und unter st\u00e4ndiger Kontrolle des Gesundheitsministeriums\u00a0der T\u00fcrkei.\u00a0 Von unserem Sitz in Antalya und Standorten in Deutschland und Gro\u00dfbritannien aus planen und organisieren wir Ihre medizinische Reise mit gr\u00f6\u00dfter Sorgfalt und Engagement.\u00a0 Unser erfahrenes Team nutzt sein\u00a0breites Netzwerk ausgew\u00e4hlter Krankenh\u00e4user, Kliniken und Fach\u00e4rzte, um Ihnen eine ma\u00dfgeschneiderte Medizinreise anzubieten. [&hellip;]<\/p>","protected":false},"author":1,"featured_media":0,"parent":0,"menu_order":0,"comment_status":"closed","ping_status":"closed","template":"","meta":{"footnotes":""},"class_list":["post-17021","page","type-page","status-publish","hentry"],"acf":[],"_links":{"self":[{"href":"https:\/\/esneyhealthtravel.com\/tr\/wp-json\/wp\/v2\/pages\/17021","targetHints":{"allow":["GET"]}}],"collection":[{"href":"https:\/\/esneyhealthtravel.com\/tr\/wp-json\/wp\/v2\/pages"}],"about":[{"href":"https:\/\/esneyhealthtravel.com\/tr\/wp-json\/wp\/v2\/types\/page"}],"author":[{"embeddable":true,"href":"https:\/\/esneyhealthtravel.com\/tr\/wp-json\/wp\/v2\/users\/1"}],"replies":[{"embeddable":true,"href":"https:\/\/esneyhealthtravel.com\/tr\/wp-json\/wp\/v2\/comments?post=17021"}],"version-history":[{"count":0,"href":"https:\/\/esneyhealthtravel.com\/tr\/wp-json\/wp\/v2\/pages\/17021\/revisions"}],"wp:attachment":[{"href":"https:\/\/esneyhealthtravel.com\/tr\/wp-json\/wp\/v2\/media?parent=17021"}],"curies":[{"name":"wp","href":"https:\/\/api.w.org\/{rel}","templated":true}]}}