{"id":17564,"date":"2023-10-24T16:51:59","date_gmt":"2023-10-24T16:51:59","guid":{"rendered":"https:\/\/esneyhealthtravel.com\/?page_id=17564"},"modified":"2023-10-24T16:52:36","modified_gmt":"2023-10-24T16:52:36","slug":"impressum","status":"publish","type":"page","link":"https:\/\/esneyhealthtravel.com\/en\/imprint\/","title":{"rendered":"Imprint"},"content":{"rendered":"<h2 class=\"wp-block-heading\">Imprint<\/h2>\n\n\n\n<h4 class=\"wp-block-heading\">Information pursuant to \u00a7 5 TMG<\/h4>\n\n\n\n<p><strong>Esney Travel Health your trust worthy Partner for medical travel in Antalya. Gepr\u00fcft und Lizensiert\n by the Ministry of health. We plan and arrange your medical travel with the utmost care and commitment. You travel the benefit of our experience from hundreds of pre-planned, successful Medicine<\/strong><\/p>\n\n\n\n<p>Postal address:<\/p>\n\n\n\n<p>Esney Sa\u011fl\u0131k ve Turizm Limited \u015eirketi<br>BAHCEYAKA MAH. DUMLUPINAR CAD. A3<br>BLOK CAY KENT NO: 33IC KAPI NO: 4<br>07190 D\u00f6\u015femealt\u0131\/Antalya<br>T\u00fcrkiye<\/p>\n\n\n\n<p>Former address to the Info:<\/p>\n\n\n\n<p>Esney Sa\u011fl\u0131k ve Turizm Limited \u015eirketi<br>TOMALAR MAH. 830. SOK. NO 7 I\u00c7 KAPI NO: 1<br>07190 D\u00f6\u015femealt\u0131\/Antalya<br>T\u00fcrkiye<\/p>\n\n\n\n<h4 class=\"wp-block-heading\">Contact<\/h4>\n\n\n\n<p>Phone: +49 (0)176 \/ 90220942<br>E-Mail: info@esneyhealthtravel.com<\/p>\n\n\n\n<h4 class=\"wp-block-heading\">VAT-ID<\/h4>\n\n\n\n<p>Sales tax identification number according to \u00a7 27 a of the German VAT act:<\/p>\n\n\n\n<p>Tax ID \/ VAT<\/p>\n\n\n\n<p>\u2013<\/p>\n\n\n\n<h4 class=\"wp-block-heading\">EU dispute resolution<\/h4>\n\n\n\n<p>The European Commission provides a platform for Online dispute resolution (OS):<\/p>\n\n\n\n<figure class=\"wp-block-embed\"><div class=\"wp-block-embed__wrapper\">\nhttps:\/\/ec.europa.eu\/consumers\/odr\/.\n<\/div><\/figure>\n\n\n\n<p>Our E-Mail address can be found above in the imprint.<\/p>\n\n\n\n<h4 class=\"wp-block-heading\">Consumer dispute resolution<\/h4>\n\n\n\n<p>We are not willing or obliged to participate in dispute resolution proceedings before a<\/p>\n\n\n\n<p>Consumer conciliation participate in testing.<\/p>\n\n\n\n<p>Source:&nbsp;<a href=\"https:\/\/www.e-recht24.de\/\" target=\"_blank\" rel=\"noreferrer noopener\">eRecht24<\/a><\/p>\n\n\n\n<h4 class=\"wp-block-heading\">&nbsp;<\/h4>\n\n\n\n<h4 class=\"wp-block-heading\">Disclaimer<\/h4>\n\n\n\n<h5 class=\"wp-block-heading\">Liability for Links:<\/h5>\n\n\n\n<p>Our website contains Links to external websites of third parties, on whose contents we have no influence. That is why we take no responsibility for their content. The respective provider or operator of the pages is always responsible for their content. At the time of linking, we have reviewed the websites linked to possible violations of the law and found none. A permanent Monitoring of the linked pages without concrete evidence of legal violations is not reasonable. If we learn of any legal infringements, we will remove such Links immediately.<\/p>\n\n\n\n<h5 class=\"wp-block-heading\">Liability for content:<\/h5>\n\n\n\n<p>Our pages have been created with the utmost care. Nevertheless, we cannot take responsibility for the accuracy, completeness, or timeliness of the content, no guarantee. As a service provider we are according to \u00a7 7 Abs.1 TMG responsible for our own content. According to \u00a7 8 to 10 TMG we are not obliged, however, to check the transmitted or stored third-party information on violations of the law. Obligations for the removal or blocking of information under the General laws remain unaffected. A liability is only possible from the date of knowledge of a concrete violation of the law. If we learn of any legal infringements, we will remove this content immediately.<\/p>\n\n\n\n<h5 class=\"wp-block-heading\">Copyright:<\/h5>\n\n\n\n<p>The content and works on these pages are subject to German copyright law. Without the written consent of its respective author or Creator, you may not be duplicated, modified, distributed or in any other way be used. Downloads and copies of these pages are only permitted for private, non-commercial use. We respect the intellectual property rights of a third party and label third-party content as such. Should you nevertheless become aware of a copyright infringement, please inform us. We will remove such content immediately.<\/p>","protected":false},"excerpt":{"rendered":"<p>Impressum Angaben gem\u00e4\u00df \u00a7 5 TMG Esney Health Travel Postanschrift: Esney Sa\u011fl\u0131k ve Turizm Limited \u015eirketiBAHCEYAKA MAH. DUMLUPINAR CAD. A3BLOK CAY KENT NO: 33IC KAPI NO: 407190 D\u00f6\u015femealt\u0131\/AntalyaT\u00fcrkiye Ehemalige Anschrift zur Info: Esney Sa\u011fl\u0131k ve Turizm Limited \u015eirketiTOMALAR MAH. 830. SOK. NO 7 \u0130\u00c7 KAPI NO 107190 D\u00f6\u015femealt\u0131\/AntalyaT\u00fcrkiye Kontakt Telefon: +49 (0)176 \/ 90220942E-Mail: info@esneyhealthtravel.com [&hellip;]<\/p>","protected":false},"author":1,"featured_media":0,"parent":0,"menu_order":0,"comment_status":"closed","ping_status":"closed","template":"","meta":{"footnotes":""},"class_list":["post-17564","page","type-page","status-publish","hentry"],"acf":[],"_links":{"self":[{"href":"https:\/\/esneyhealthtravel.com\/en\/wp-json\/wp\/v2\/pages\/17564","targetHints":{"allow":["GET"]}}],"collection":[{"href":"https:\/\/esneyhealthtravel.com\/en\/wp-json\/wp\/v2\/pages"}],"about":[{"href":"https:\/\/esneyhealthtravel.com\/en\/wp-json\/wp\/v2\/types\/page"}],"author":[{"embeddable":true,"href":"https:\/\/esneyhealthtravel.com\/en\/wp-json\/wp\/v2\/users\/1"}],"replies":[{"embeddable":true,"href":"https:\/\/esneyhealthtravel.com\/en\/wp-json\/wp\/v2\/comments?post=17564"}],"version-history":[{"count":0,"href":"https:\/\/esneyhealthtravel.com\/en\/wp-json\/wp\/v2\/pages\/17564\/revisions"}],"wp:attachment":[{"href":"https:\/\/esneyhealthtravel.com\/en\/wp-json\/wp\/v2\/media?parent=17564"}],"curies":[{"name":"wp","href":"https:\/\/api.w.org\/{rel}","templated":true}]}}