{"id":17564,"date":"2023-10-24T16:51:59","date_gmt":"2023-10-24T16:51:59","guid":{"rendered":"https:\/\/esneyhealthtravel.com\/?page_id=17564"},"modified":"2023-10-24T16:52:36","modified_gmt":"2023-10-24T16:52:36","slug":"impressum","status":"publish","type":"page","link":"https:\/\/esneyhealthtravel.com\/de\/impressum\/","title":{"rendered":"Impressum"},"content":{"rendered":"\n<h2 class=\"wp-block-heading\">Impressum<\/h2>\n\n\n\n<h4 class=\"wp-block-heading\">Angaben gem\u00e4\u00df \u00a7 5 TMG<\/h4>\n\n\n\n<p><strong>Esney Health Travel<\/strong><\/p>\n\n\n\n<p>Postanschrift:<\/p>\n\n\n\n<p>Esney Sa\u011fl\u0131k ve Turizm Limited \u015eirketi<br>BAHCEYAKA MAH. DUMLUPINAR CAD. A3<br>BLOK CAY KENT NO: 33IC KAPI NO: 4<br>07190 D\u00f6\u015femealt\u0131\/Antalya<br>T\u00fcrkiye<\/p>\n\n\n\n<p>Ehemalige Anschrift zur Info:<\/p>\n\n\n\n<p>Esney Sa\u011fl\u0131k ve Turizm Limited \u015eirketi<br>TOMALAR MAH. 830. SOK. NO 7 \u0130\u00c7 KAPI NO 1<br>07190 D\u00f6\u015femealt\u0131\/Antalya<br>T\u00fcrkiye<\/p>\n\n\n\n<h4 class=\"wp-block-heading\">Kontakt<\/h4>\n\n\n\n<p>Telefon: +49 (0)176 \/ 90220942<br>E-Mail: info@esneyhealthtravel.com<\/p>\n\n\n\n<h4 class=\"wp-block-heading\">Umsatzsteuer-ID<\/h4>\n\n\n\n<p>Umsatzsteuer-Identifikationsnummer gem\u00e4\u00df \u00a7 27 a Umsatzsteuergesetz:<\/p>\n\n\n\n<p>Tax ID \/ VAT<\/p>\n\n\n\n<p>\u2013<\/p>\n\n\n\n<h4 class=\"wp-block-heading\">EU-Streitschlichtung<\/h4>\n\n\n\n<p>Die Europ\u00e4ische Kommission stellt eine Plattform zur Online-Streitbeilegung (OS) bereit:<\/p>\n\n\n\n<figure class=\"wp-block-embed\"><div class=\"wp-block-embed__wrapper\">\nhttps:\/\/ec.europa.eu\/consumers\/odr\/.\n<\/div><\/figure>\n\n\n\n<p>Unsere E-Mail-Adresse finden Sie oben im Impressum.<\/p>\n\n\n\n<h4 class=\"wp-block-heading\">Verbraucherstreitbeilegung<\/h4>\n\n\n\n<p>Wir sind nicht bereit oder verpflichtet, an Streitbeilegungs-verfahren vor einer<\/p>\n\n\n\n<p>Verbraucherschlichtungsstelle teilzunehmen.<\/p>\n\n\n\n<p>Quelle:&nbsp;<a href=\"https:\/\/www.e-recht24.de\/\" target=\"_blank\" rel=\"noreferrer noopener\">eRecht24<\/a><\/p>\n\n\n\n<h4 class=\"wp-block-heading\">&nbsp;<\/h4>\n\n\n\n<h4 class=\"wp-block-heading\">Haftungsausschluss<\/h4>\n\n\n\n<h5 class=\"wp-block-heading\">Haftung f\u00fcr Links:<\/h5>\n\n\n\n<p>Unsere Webseite enth\u00e4lt Links zu externen Webseiten Dritter, auf deren Inhalte wir keinen Einfluss haben. Deshalb \u00fcbernehmen wir keine Gew\u00e4hr f\u00fcr deren Inhalte. Der jeweilige Anbieter oder Betreiber der Seiten ist immer verantwortlich f\u00fcr deren Inhalte. Zum Zeitpunkt der Verlinkung haben wir die verlinkten Seiten auf m\u00f6gliche Rechtsverst\u00f6\u00dfe \u00fcberpr\u00fcft und keine gefunden. Eine dauerhafte \u00dcberwachung der verlinkten Seiten ohne konkrete Anhaltspunkte f\u00fcr Rechtsverletzungen ist nicht zumutbar. Sollten wir von Rechtsverletzungen erfahren, werden wir solche Links umgehend entfernen.<\/p>\n\n\n\n<h5 class=\"wp-block-heading\">Haftung f\u00fcr Inhalte:<\/h5>\n\n\n\n<p>Unsere Seiten werden mit gr\u00f6\u00dfter Sorgfalt erstellt. Trotzdem k\u00f6nnen wir f\u00fcr die Richtigkeit, Vollst\u00e4ndigkeit und Aktualit\u00e4t der Inhalte keine Gew\u00e4hr \u00fcbernehmen. Als Diensteanbieter sind wir gem\u00e4\u00df \u00a7 7 Abs.1 TMG f\u00fcr unsere eigenen Inhalte verantwortlich. Nach \u00a7 8 bis 10 TMG sind wir jedoch nicht verpflichtet, \u00fcbermittelte oder gespeicherte fremde Informationen auf Rechtsverst\u00f6\u00dfe zu \u00fcberpr\u00fcfen. Verpflichtungen zur Entfernung oder Sperrung von Informationen nach den allgemeinen Gesetzen bleiben hiervon unber\u00fchrt. Eine Haftung ist erst ab dem Zeitpunkt der Kenntnis einer konkreten Rechtsverletzung m\u00f6glich. Sollten wir von Rechtsverletzungen erfahren, werden wir diese Inhalte umgehend entfernen.<\/p>\n\n\n\n<h5 class=\"wp-block-heading\">Urheberrecht:<\/h5>\n\n\n\n<p>Die Inhalte und Werke auf diesen Seiten unterliegen dem deutschen Urheberrecht. Ohne die schriftliche Zustimmung des jeweiligen Autors oder Erstellers d\u00fcrfen sie nicht vervielf\u00e4ltigt, bearbeitet, verbreitet oder auf andere Weise verwendet werden. Downloads und Kopien dieser Seite sind nur f\u00fcr den privaten, nicht kommerziellen Gebrauch erlaubt. Wir beachten die Urheberrechte Dritter und kennzeichnen fremde Inhalte als solche. Sollten Sie trotzdem auf eine Urheberrechtsverletzung aufmerksam werden, informieren Sie uns bitte. Wir werden solche Inhalte dann umgehend entfernen.<\/p>\n","protected":false},"excerpt":{"rendered":"<p>Impressum Angaben gem\u00e4\u00df \u00a7 5 TMG Esney Health Travel Postanschrift: Esney Sa\u011fl\u0131k ve Turizm Limited \u015eirketiBAHCEYAKA MAH. DUMLUPINAR CAD. A3BLOK CAY KENT NO: 33IC KAPI NO: 407190 D\u00f6\u015femealt\u0131\/AntalyaT\u00fcrkiye Ehemalige Anschrift zur Info: Esney Sa\u011fl\u0131k ve Turizm Limited \u015eirketiTOMALAR MAH. 830. SOK. NO 7 \u0130\u00c7 KAPI NO 107190 D\u00f6\u015femealt\u0131\/AntalyaT\u00fcrkiye Kontakt Telefon: +49 (0)176 \/ 90220942E-Mail: info@esneyhealthtravel.com [&hellip;]<\/p>\n","protected":false},"author":1,"featured_media":0,"parent":0,"menu_order":0,"comment_status":"closed","ping_status":"closed","template":"","meta":{"footnotes":""},"class_list":["post-17564","page","type-page","status-publish","hentry"],"acf":[],"_links":{"self":[{"href":"https:\/\/esneyhealthtravel.com\/de\/wp-json\/wp\/v2\/pages\/17564","targetHints":{"allow":["GET"]}}],"collection":[{"href":"https:\/\/esneyhealthtravel.com\/de\/wp-json\/wp\/v2\/pages"}],"about":[{"href":"https:\/\/esneyhealthtravel.com\/de\/wp-json\/wp\/v2\/types\/page"}],"author":[{"embeddable":true,"href":"https:\/\/esneyhealthtravel.com\/de\/wp-json\/wp\/v2\/users\/1"}],"replies":[{"embeddable":true,"href":"https:\/\/esneyhealthtravel.com\/de\/wp-json\/wp\/v2\/comments?post=17564"}],"version-history":[{"count":0,"href":"https:\/\/esneyhealthtravel.com\/de\/wp-json\/wp\/v2\/pages\/17564\/revisions"}],"wp:attachment":[{"href":"https:\/\/esneyhealthtravel.com\/de\/wp-json\/wp\/v2\/media?parent=17564"}],"curies":[{"name":"wp","href":"https:\/\/api.w.org\/{rel}","templated":true}]}}